{"id":346,"date":"2018-07-28T16:07:17","date_gmt":"2018-07-28T13:07:17","guid":{"rendered":"https:\/\/manufacturer.stylemixthemes.com\/?page_id=346"},"modified":"2020-10-15T14:01:06","modified_gmt":"2020-10-15T11:01:06","slug":"hakkimizda","status":"publish","type":"page","link":"https:\/\/www.metkontekstil.com\/?page_id=346","title":{"rendered":"Hakk\u0131m\u0131zda"},"content":{"rendered":"\t\t<div data-elementor-type=\"wp-post\" data-elementor-id=\"346\" class=\"elementor elementor-346\" data-elementor-settings=\"[]\">\n\t\t\t\t\t\t<div class=\"elementor-inner\">\n\t\t\t\t\t\t\t<div class=\"elementor-section-wrap\">\n\t\t\t\t\t\t\t<section class=\"elementor-section elementor-top-section elementor-element elementor-element-10b3474 elementor-section-boxed elementor-section-height-default elementor-section-height-default\" data-id=\"10b3474\" data-element_type=\"section\">\n\t\t\t\t\t\t<div class=\"elementor-container elementor-column-gap-default\">\n\t\t\t\t\t\t\t<div class=\"elementor-row\">\n\t\t\t\t\t<div class=\"elementor-column elementor-col-50 elementor-top-column elementor-element elementor-element-9f7d21a elementor-invisible\" data-id=\"9f7d21a\" data-element_type=\"column\" data-settings=\"{&quot;animation&quot;:&quot;fadeIn&quot;}\">\n\t\t\t<div class=\"elementor-column-wrap elementor-element-populated\">\n\t\t\t\t\t\t\t<div class=\"elementor-widget-wrap\">\n\t\t\t\t\t\t<div class=\"elementor-element elementor-element-870f2d4 elementor-widget elementor-widget-image\" data-id=\"870f2d4\" data-element_type=\"widget\" data-widget_type=\"image.default\">\n\t\t\t\t<div class=\"elementor-widget-container\">\n\t\t\t\t\t\t\t\t<div class=\"elementor-image\">\n\t\t\t\t\t\t\t\t\t\t\t\t<img loading=\"lazy\" decoding=\"async\" width=\"600\" height=\"550\" src=\"https:\/\/www.metkontekstil.com\/wp-content\/uploads\/2020\/09\/homeimg-1-600x550.jpg\" class=\"attachment-manufacturer_medium size-manufacturer_medium\" alt=\"\" \/>\t\t\t\t\t\t\t\t\t\t\t\t\t\t<\/div>\n\t\t\t\t\t\t<\/div>\n\t\t\t\t<\/div>\n\t\t\t\t\t\t<\/div>\n\t\t\t\t\t<\/div>\n\t\t<\/div>\n\t\t\t\t<div class=\"elementor-column elementor-col-50 elementor-top-column elementor-element elementor-element-988c61c elementor-invisible\" data-id=\"988c61c\" data-element_type=\"column\" data-settings=\"{&quot;animation&quot;:&quot;fadeIn&quot;,&quot;animation_delay&quot;:200}\">\n\t\t\t<div class=\"elementor-column-wrap elementor-element-populated\">\n\t\t\t\t\t\t\t<div class=\"elementor-widget-wrap\">\n\t\t\t\t\t\t<div class=\"elementor-element elementor-element-7b75cff elementor-widget elementor-widget-heading\" data-id=\"7b75cff\" data-element_type=\"widget\" data-widget_type=\"heading.default\">\n\t\t\t\t<div class=\"elementor-widget-container\">\n\t\t\t<h2 class=\"elementor-heading-title elementor-size-default elementor-heading-title elementor-size-default elementor-align-after-left elementor-align-after-mobile-center elementor-align-after-tablet-left\">Ho\u015fgeldiniz<\/h2>\t\t<\/div>\n\t\t\t\t<\/div>\n\t\t\t\t<div class=\"elementor-element elementor-element-9cdd897 elementor-widget elementor-widget-text-editor\" data-id=\"9cdd897\" data-element_type=\"widget\" data-widget_type=\"text-editor.default\">\n\t\t\t\t<div class=\"elementor-widget-container\">\n\t\t\t\t\t\t\t\t<div class=\"elementor-text-editor elementor-clearfix\">\n\t\t\t\t\t<div class=\"x-text\"><p>METKON Tekstil, \u00fcretim standartlar\u0131nda ve sorumlu tedarik a\u011flar\u0131nda end\u00fcstri d\u00f6n\u00fc\u015f\u00fcm\u00fc sa\u011flamak i\u00e7in m\u00fc\u015fterileri ile yak\u0131n i\u015fbirli\u011fi i\u00e7inde \u00e7al\u0131\u015fan k\u00fcresel bir kurulu\u015ftur. Ana hedefimiz m\u00fc\u015fteri memnuniyeti ve i\u015f s\u00fcreklili\u011fidir. Amac\u0131m\u0131z m\u00fc\u015fteri ihtiya\u00e7lar\u0131n\u0131 kar\u015f\u0131lamak ve hizmet, \u00fcretim kalitesi, toplam fiyat ve tasar\u0131m hizmetlerinde en iyi olmakt\u0131r. En iyi sonucu almak i\u00e7in tecr\u00fcbeli ekibimiz i\u015f ak\u0131\u015f\u0131 \u00fczerinde t\u00fcm \u00f6zverisi ve eme\u011fi ile \u00e7al\u0131\u015f\u0131r.<\/p><p>M\u00fc\u015fterilerine en iyi fiyat\u0131 ve hizmeti vermesi i\u00e7in \u00e7e\u015fitli se\u00e7enekler sunabilen birka\u00e7 \u015firketten biriyiz. \u0130htiya\u00e7lar\u0131n\u0131z\u0131 de\u011ferlendiriyor ve en uygun \u00fcretim \u015femas\u0131n\u0131 belirliyoruz. METKON, geni\u015f bir kuma\u015f tedarik yelpazesine sahip olman\u0131n ve en iyi tedarik\u00e7ilerle \u00e7al\u0131\u015fman\u0131n avantajlar\u0131na sahiptir. \u00dcr\u00fcnde kullan\u0131lan kuma\u015flar, m\u00fc\u015fteri ihtiya\u00e7lar\u0131n\u0131 kar\u015f\u0131lamak i\u00e7in T\u00fcrkiye yerel pazar\u0131ndan, Avrupa \u00fcreticilerinden veya Uzakdo\u011fu&#8217;dan temin edilebilir.<\/p><\/div>\t\t\t\t\t<\/div>\n\t\t\t\t\t\t<\/div>\n\t\t\t\t<\/div>\n\t\t\t\t\t\t<\/div>\n\t\t\t\t\t<\/div>\n\t\t<\/div>\n\t\t\t\t\t\t\t\t<\/div>\n\t\t\t\t\t<\/div>\n\t\t<\/section>\n\t\t\t\t<section class=\"elementor-section elementor-top-section elementor-element elementor-element-2ded6f6 elementor-section-boxed elementor-section-height-default elementor-section-height-default elementor-invisible\" data-id=\"2ded6f6\" data-element_type=\"section\" data-settings=\"{&quot;animation&quot;:&quot;fadeIn&quot;}\">\n\t\t\t\t\t\t<div class=\"elementor-container elementor-column-gap-default\">\n\t\t\t\t\t\t\t<div class=\"elementor-row\">\n\t\t\t\t\t<div class=\"elementor-column elementor-col-100 elementor-top-column elementor-element elementor-element-0d69e39\" data-id=\"0d69e39\" data-element_type=\"column\">\n\t\t\t<div class=\"elementor-column-wrap elementor-element-populated\">\n\t\t\t\t\t\t\t<div class=\"elementor-widget-wrap\">\n\t\t\t\t\t\t<div class=\"elementor-element elementor-element-60a741a elementor-widget elementor-widget-sm-timeline\" data-id=\"60a741a\" data-element_type=\"widget\" data-widget_type=\"sm-timeline.default\">\n\t\t\t\t<div class=\"elementor-widget-container\">\n\t\t\t\t\n\t\t\n\t<div class=\"man_timeline\">\n\t\t<div class=\"man_timeline_line\"><\/div>\n\t\t<div class=\"man_timeline_carousel owl-carousel\">\n\t\t\t\t\t\t<div class=\"man_timeline_item\">\n\t\t\t\t<div class=\"man_timeline_pin odd\">\n\t\t\t\t\t<span class=\"man_timeline_point\"><\/span>\n\t\t\t\t\t<span class=\"man_timeline_point_border\"><\/span>\n\t\t\t\t\t<div class=\"man_timeline_pin_title\">\n\t\t\t\t\t\t1975\t\t\t\t\t<\/div>\n\t\t\t\t\t<div class=\"man_timeline_pin_cont\">\n\t\t\t\t\t\t\n\n\t\t\t\t\t\t\t\t\t\t\t\t\t<div class=\"man_timeline_pin_cont_corner\">\n\t\t\t\t\t\t\t\t<svg\n\t\t\t\t\t\t\t\t  xmlns='http:\/\/www.w3.org\/2000\/svg'\n\t\t\t\t\t\t\t\t  viewBox='0 0 64 64'\n\t\t\t\t\t\t\t\t  width='64' height='64'\n\t\t\t\t\t\t\t\t  fill='currentcolor'>\n\t\t\t\t\t\t\t\t  <path d='M0 16 L10 16 L0 0 Z' \/>\n\t\t\t\t\t\t\t\t<\/svg>\n\t\t\t\t\t\t\t<\/div>\n\t\t\t\t\t\t\t\t\t\t\t\t\t\n\t\t\t\t\t\t\n\t\t\t\t\t\t<p>Aile \u015firketi olarak kuruldu.<\/p>\t\t\t\t\t<\/div>\n\t\t\t\t<\/div>\n\t\t\t<\/div>\n\t\t\t\t\t\t<div class=\"man_timeline_item\">\n\t\t\t\t<div class=\"man_timeline_pin even\">\n\t\t\t\t\t<span class=\"man_timeline_point\"><\/span>\n\t\t\t\t\t<span class=\"man_timeline_point_border\"><\/span>\n\t\t\t\t\t<div class=\"man_timeline_pin_title\">\n\t\t\t\t\t\t1994\t\t\t\t\t<\/div>\n\t\t\t\t\t<div class=\"man_timeline_pin_cont\">\n\t\t\t\t\t\t\n\n\t\t\t\t\t\t\t\t\t\t\t\t\t<div class=\"man_timeline_pin_cont_corner man_timeline_pin_cont_corner_even\">\n\t\t\t\t\t\t\t\t<svg\n\t\t\t\t\t\t\t\t  xmlns='http:\/\/www.w3.org\/2000\/svg'\n\t\t\t\t\t\t\t\t  viewBox='0 0 64 64'\n\t\t\t\t\t\t\t\t  width='64' height='64'\n\t\t\t\t\t\t\t\t  fill='currentcolor'>\n\t\t\t\t\t\t\t\t  <path d='M0 16 L10 0 L0 0 L0 8 Z' \/>\n\t\t\t\t\t\t\t\t<\/svg>\n\t\t\t\t\t\t\t<\/div>\n\t\t\t\t\t\t\t\t\t\t\t\t\t\n\t\t\t\t\t\t\n\t\t\t\t\t\t<p>G\u00f6mlek \u00fcretim at\u00f6lyesi kuruldu.<\/p>\t\t\t\t\t<\/div>\n\t\t\t\t<\/div>\n\t\t\t<\/div>\n\t\t\t\t\t\t<div class=\"man_timeline_item\">\n\t\t\t\t<div class=\"man_timeline_pin odd\">\n\t\t\t\t\t<span class=\"man_timeline_point\"><\/span>\n\t\t\t\t\t<span class=\"man_timeline_point_border\"><\/span>\n\t\t\t\t\t<div class=\"man_timeline_pin_title\">\n\t\t\t\t\t\t2000\t\t\t\t\t<\/div>\n\t\t\t\t\t<div class=\"man_timeline_pin_cont\">\n\t\t\t\t\t\t\n\n\t\t\t\t\t\t\t\t\t\t\t\t\t<div class=\"man_timeline_pin_cont_corner\">\n\t\t\t\t\t\t\t\t<svg\n\t\t\t\t\t\t\t\t  xmlns='http:\/\/www.w3.org\/2000\/svg'\n\t\t\t\t\t\t\t\t  viewBox='0 0 64 64'\n\t\t\t\t\t\t\t\t  width='64' height='64'\n\t\t\t\t\t\t\t\t  fill='currentcolor'>\n\t\t\t\t\t\t\t\t  <path d='M0 16 L10 16 L0 0 Z' \/>\n\t\t\t\t\t\t\t\t<\/svg>\n\t\t\t\t\t\t\t<\/div>\n\t\t\t\t\t\t\t\t\t\t\t\t\t\n\t\t\t\t\t\t\n\t\t\t\t\t\t<p>Avrupal\u0131 m\u00fc\u015fterilere ihracat yapmaya ba\u015flad\u0131.<\/p>\t\t\t\t\t<\/div>\n\t\t\t\t<\/div>\n\t\t\t<\/div>\n\t\t\t\t\t\t<div class=\"man_timeline_item\">\n\t\t\t\t<div class=\"man_timeline_pin even\">\n\t\t\t\t\t<span class=\"man_timeline_point\"><\/span>\n\t\t\t\t\t<span class=\"man_timeline_point_border\"><\/span>\n\t\t\t\t\t<div class=\"man_timeline_pin_title\">\n\t\t\t\t\t\t2006\t\t\t\t\t<\/div>\n\t\t\t\t\t<div class=\"man_timeline_pin_cont\">\n\t\t\t\t\t\t\n\n\t\t\t\t\t\t\t\t\t\t\t\t\t<div class=\"man_timeline_pin_cont_corner man_timeline_pin_cont_corner_even\">\n\t\t\t\t\t\t\t\t<svg\n\t\t\t\t\t\t\t\t  xmlns='http:\/\/www.w3.org\/2000\/svg'\n\t\t\t\t\t\t\t\t  viewBox='0 0 64 64'\n\t\t\t\t\t\t\t\t  width='64' height='64'\n\t\t\t\t\t\t\t\t  fill='currentcolor'>\n\t\t\t\t\t\t\t\t  <path d='M0 16 L10 0 L0 0 L0 8 Z' \/>\n\t\t\t\t\t\t\t\t<\/svg>\n\t\t\t\t\t\t\t<\/div>\n\t\t\t\t\t\t\t\t\t\t\t\t\t\n\t\t\t\t\t\t\n\t\t\t\t\t\t<p>Kad\u0131n bluz ve g\u00f6mlek \u00fcretimine ba\u015flad\u0131.<\/p>\t\t\t\t\t<\/div>\n\t\t\t\t<\/div>\n\t\t\t<\/div>\n\t\t\t\t\t\t<div class=\"man_timeline_item\">\n\t\t\t\t<div class=\"man_timeline_pin odd\">\n\t\t\t\t\t<span class=\"man_timeline_point\"><\/span>\n\t\t\t\t\t<span class=\"man_timeline_point_border\"><\/span>\n\t\t\t\t\t<div class=\"man_timeline_pin_title\">\n\t\t\t\t\t\t2007\t\t\t\t\t<\/div>\n\t\t\t\t\t<div class=\"man_timeline_pin_cont\">\n\t\t\t\t\t\t\n\n\t\t\t\t\t\t\t\t\t\t\t\t\t<div class=\"man_timeline_pin_cont_corner\">\n\t\t\t\t\t\t\t\t<svg\n\t\t\t\t\t\t\t\t  xmlns='http:\/\/www.w3.org\/2000\/svg'\n\t\t\t\t\t\t\t\t  viewBox='0 0 64 64'\n\t\t\t\t\t\t\t\t  width='64' height='64'\n\t\t\t\t\t\t\t\t  fill='currentcolor'>\n\t\t\t\t\t\t\t\t  <path d='M0 16 L10 16 L0 0 Z' \/>\n\t\t\t\t\t\t\t\t<\/svg>\n\t\t\t\t\t\t\t<\/div>\n\t\t\t\t\t\t\t\t\t\t\t\t\t\n\t\t\t\t\t\t\n\t\t\t\t\t\t<p>Fiziksel fabrika alan\u0131 2600 m\u00b2\u2019ye art\u0131r\u0131ld\u0131.<\/p>\t\t\t\t\t<\/div>\n\t\t\t\t<\/div>\n\t\t\t<\/div>\n\t\t\t\t\t\t<div class=\"man_timeline_item\">\n\t\t\t\t<div class=\"man_timeline_pin even\">\n\t\t\t\t\t<span class=\"man_timeline_point\"><\/span>\n\t\t\t\t\t<span class=\"man_timeline_point_border\"><\/span>\n\t\t\t\t\t<div class=\"man_timeline_pin_title\">\n\t\t\t\t\t\t2018\t\t\t\t\t<\/div>\n\t\t\t\t\t<div class=\"man_timeline_pin_cont\">\n\t\t\t\t\t\t\n\n\t\t\t\t\t\t\t\t\t\t\t\t\t<div class=\"man_timeline_pin_cont_corner man_timeline_pin_cont_corner_even\">\n\t\t\t\t\t\t\t\t<svg\n\t\t\t\t\t\t\t\t  xmlns='http:\/\/www.w3.org\/2000\/svg'\n\t\t\t\t\t\t\t\t  viewBox='0 0 64 64'\n\t\t\t\t\t\t\t\t  width='64' height='64'\n\t\t\t\t\t\t\t\t  fill='currentcolor'>\n\t\t\t\t\t\t\t\t  <path d='M0 16 L10 0 L0 0 L0 8 Z' \/>\n\t\t\t\t\t\t\t\t<\/svg>\n\t\t\t\t\t\t\t<\/div>\n\t\t\t\t\t\t\t\t\t\t\t\t\t\n\t\t\t\t\t\t\n\t\t\t\t\t\t<p>\u0130HK\u0130B g\u00fcm\u00fc\u015f madalya ihracat ba\u015far\u0131s\u0131.<\/p>\t\t\t\t\t<\/div>\n\t\t\t\t<\/div>\n\t\t\t<\/div>\n\t\t\t\t\t\t<div class=\"man_timeline_item\">\n\t\t\t\t<div class=\"man_timeline_pin odd\">\n\t\t\t\t\t<span class=\"man_timeline_point\"><\/span>\n\t\t\t\t\t<span class=\"man_timeline_point_border\"><\/span>\n\t\t\t\t\t<div class=\"man_timeline_pin_title\">\n\t\t\t\t\t\t2020\t\t\t\t\t<\/div>\n\t\t\t\t\t<div class=\"man_timeline_pin_cont\">\n\t\t\t\t\t\t\n\n\t\t\t\t\t\t\t\t\t\t\t\t\t<div class=\"man_timeline_pin_cont_corner\">\n\t\t\t\t\t\t\t\t<svg\n\t\t\t\t\t\t\t\t  xmlns='http:\/\/www.w3.org\/2000\/svg'\n\t\t\t\t\t\t\t\t  viewBox='0 0 64 64'\n\t\t\t\t\t\t\t\t  width='64' height='64'\n\t\t\t\t\t\t\t\t  fill='currentcolor'>\n\t\t\t\t\t\t\t\t  <path d='M0 16 L10 16 L0 0 Z' \/>\n\t\t\t\t\t\t\t\t<\/svg>\n\t\t\t\t\t\t\t<\/div>\n\t\t\t\t\t\t\t\t\t\t\t\t\t\n\t\t\t\t\t\t\n\t\t\t\t\t\t<p>Medikal \u00fcretim tesisimiz a\u00e7\u0131ld\u0131.<\/p>\t\t\t\t\t<\/div>\n\t\t\t\t<\/div>\n\t\t\t<\/div>\n\t\t\t\t\t<\/div>\n\t<\/div>\n\n\t\t\t<\/div>\n\t\t\t\t<\/div>\n\t\t\t\t\t\t<\/div>\n\t\t\t\t\t<\/div>\n\t\t<\/div>\n\t\t\t\t\t\t\t\t<\/div>\n\t\t\t\t\t<\/div>\n\t\t<\/section>\n\t\t\t\t\t\t<\/div>\n\t\t\t\t\t\t<\/div>\n\t\t\t\t\t<\/div>\n\t\t","protected":false},"excerpt":{"rendered":"<p>Ho\u015fgeldiniz METKON Tekstil, \u00fcretim standartlar\u0131nda ve sorumlu tedarik a\u011flar\u0131nda end\u00fcstri d\u00f6n\u00fc\u015f\u00fcm\u00fc sa\u011flamak i\u00e7in m\u00fc\u015fterileri ile yak\u0131n i\u015fbirli\u011fi i\u00e7inde&#8230;<\/p>\n","protected":false},"author":1,"featured_media":0,"parent":0,"menu_order":0,"comment_status":"closed","ping_status":"closed","template":"elementor_header_footer","meta":{"footnotes":""},"class_list":["post-346","page","type-page","status-publish","hentry"],"featured_image_urls":{"full":"","thumbnail":"","medium":"","medium_large":"","large":"","1536x1536":"","2048x2048":"","manufacturer_vertical_thumb":"","manufacturer_full":"","manufacturer_medium":"","manufacturer_single":"","manufacturer_wc_thumbnail":"","manufacturer_wc_medium":"","woocommerce_thumbnail":"","woocommerce_single":"","woocommerce_gallery_thumbnail":"","shop_catalog":"","shop_single":"","shop_thumbnail":""},"post_excerpt_stackable":"<p>Ho\u015fgeldiniz METKON Tekstil, \u00fcretim standartlar\u0131nda ve sorumlu tedarik a\u011flar\u0131nda end\u00fcstri d\u00f6n\u00fc\u015f\u00fcm\u00fc sa\u011flamak i\u00e7in m\u00fc\u015fterileri ile yak\u0131n i\u015fbirli\u011fi i\u00e7inde \u00e7al\u0131\u015fan k\u00fcresel bir kurulu\u015ftur. Ana hedefimiz m\u00fc\u015fteri memnuniyeti ve i\u015f s\u00fcreklili\u011fidir. Amac\u0131m\u0131z m\u00fc\u015fteri ihtiya\u00e7lar\u0131n\u0131 kar\u015f\u0131lamak ve hizmet, \u00fcretim kalitesi, toplam fiyat ve tasar\u0131m hizmetlerinde en iyi olmakt\u0131r. En iyi sonucu almak i\u00e7in tecr\u00fcbeli ekibimiz i\u015f ak\u0131\u015f\u0131 \u00fczerinde t\u00fcm \u00f6zverisi ve eme\u011fi ile \u00e7al\u0131\u015f\u0131r.M\u00fc\u015fterilerine en iyi fiyat\u0131 ve hizmeti vermesi i\u00e7in \u00e7e\u015fitli se\u00e7enekler sunabilen birka\u00e7 \u015firketten biriyiz. \u0130htiya\u00e7lar\u0131n\u0131z\u0131 de\u011ferlendiriyor ve en uygun \u00fcretim \u015femas\u0131n\u0131 belirliyoruz. METKON, geni\u015f bir kuma\u015f tedarik yelpazesine sahip olman\u0131n ve en iyi tedarik\u00e7ilerle \u00e7al\u0131\u015fman\u0131n avantajlar\u0131na sahiptir. \u00dcr\u00fcnde kullan\u0131lan kuma\u015flar,&hellip;<\/p>\n","category_list":"","author_info":{"name":"metkontekstil_","url":"https:\/\/www.metkontekstil.com\/?author=1"},"comments_num":"0 comments","_links":{"self":[{"href":"https:\/\/www.metkontekstil.com\/index.php?rest_route=\/wp\/v2\/pages\/346","targetHints":{"allow":["GET"]}}],"collection":[{"href":"https:\/\/www.metkontekstil.com\/index.php?rest_route=\/wp\/v2\/pages"}],"about":[{"href":"https:\/\/www.metkontekstil.com\/index.php?rest_route=\/wp\/v2\/types\/page"}],"author":[{"embeddable":true,"href":"https:\/\/www.metkontekstil.com\/index.php?rest_route=\/wp\/v2\/users\/1"}],"replies":[{"embeddable":true,"href":"https:\/\/www.metkontekstil.com\/index.php?rest_route=%2Fwp%2Fv2%2Fcomments&post=346"}],"version-history":[{"count":22,"href":"https:\/\/www.metkontekstil.com\/index.php?rest_route=\/wp\/v2\/pages\/346\/revisions"}],"predecessor-version":[{"id":3077,"href":"https:\/\/www.metkontekstil.com\/index.php?rest_route=\/wp\/v2\/pages\/346\/revisions\/3077"}],"wp:attachment":[{"href":"https:\/\/www.metkontekstil.com\/index.php?rest_route=%2Fwp%2Fv2%2Fmedia&parent=346"}],"curies":[{"name":"wp","href":"https:\/\/api.w.org\/{rel}","templated":true}]}}