{"id":2916,"date":"2020-10-06T16:25:36","date_gmt":"2020-10-06T13:25:36","guid":{"rendered":"https:\/\/www.metkontekstil.com\/?post_type=product&#038;p=2916"},"modified":"2021-04-26T11:54:08","modified_gmt":"2021-04-26T08:54:08","slug":"medikalmaske","status":"publish","type":"product","link":"https:\/\/www.metkontekstil.com\/?product=medikalmaske","title":{"rendered":"3 Katl\u0131 Lastikli Meltblown Cerrahi Y\u00fcz Maskesi"},"content":{"rendered":"<h3>Y\u00fcksek Bakteri Filtreleme<\/h3>\n<p>\u00dcretti\u011fimiz maskelerde kullan\u0131lan y\u00fcksek kalite \u201cMeltblown\u201d kuma\u015f sayesinde %99,5&#8217;e varan oranda bakteri ve vir\u00fcs korumas\u0131 sa\u011flanmaktad\u0131r.<\/p>\n<h3>Ergonomik Kulak Lasti\u011fi<\/h3>\n<p>Uzun s\u00fcre kullansan\u0131z dahi kulakta tahri\u015f yapmayan, sa\u011fl\u0131\u011fa uygun, kaliteli ve esnek kulak lasti\u011fi ergonomik ve rahat bir maske kullan\u0131m\u0131 sa\u011flar.<\/p>\n<h3>Ayarlanabilir Burun Teli<\/h3>\n<p>Maske \u00fcretiminde katmanlar aras\u0131nda yerle\u015ftirilen PVC kapl\u0131 yumu\u015fak tel sayesinde burun formunuza en uygun rahatl\u0131kta maskeyi kullanabilirsiniz.<\/p>\n<h3>Cildinizi Tahri\u015f Etmez<\/h3>\n<p>Maskenin teninize temas edecek k\u0131sm\u0131 Non-Woven PP kuma\u015ftan imal edilmi\u015ftir. Bu nedenle uzun s\u00fcre kullansan\u0131z dahi cildinizde tahri\u015f olu\u015fturmaz ve y\u00fcz\u00fcn\u00fcz\u00fc terletmez.<\/p>\n<h3>Rahat Nefes Ald\u0131rma<\/h3>\n<p>3 Katmanl\u0131 maskemiz \u00f6zel bile\u015fimi ve kaliteli kuma\u015f kullan\u0131m\u0131 sayesinde filtreleme \u00f6zelli\u011finden \u00f6d\u00fcn vermeden siz nefes al\u0131rken zorluk \u00e7\u0131karmaz.<\/p>\n<h3>Hem Sizi Hem Kar\u015f\u0131n\u0131zdakini Korur<\/h3>\n<p>Valfsiz (ventilsiz) solunum maskesi, hem hava giri\u015fini hem de hava \u00e7\u0131k\u0131\u015f\u0131n\u0131 filtreleyerek iki y\u00f6nl\u00fc koruma sa\u011flar.<\/p>\n","protected":false},"excerpt":{"rendered":"<p>3 Katmanl\u0131 maskemiz, \u00f6zel bile\u015fimi ve kaliteli kuma\u015f kullan\u0131m\u0131 sayesinde filtreleme \u00f6zelli\u011finden \u00f6d\u00fcn vermeden siz nefes al\u0131rken zorluk \u00e7\u0131karmaz ve y\u00fcksek kalite \u201cMeltblown\u201d kuma\u015f sayesinde %99,5&#8217;e varan oranda bakteri ve vir\u00fcs korumas\u0131 sa\u011flamaktad\u0131r. Valfsiz (ventilsiz) olan solunum maskemiz, hem hava giri\u015fini hem de hava \u00e7\u0131k\u0131\u015f\u0131n\u0131 filtreleyerek iki y\u00f6nl\u00fc koruma sa\u011flar. B\u00f6ylelikle hem sizi hem kar\u015f\u0131n\u0131zdakini korur.<\/p>\n","protected":false},"featured_media":3408,"comment_status":"closed","ping_status":"closed","template":"redux-templates_contained","meta":[],"product_cat":[36],"product_tag":[114,115,120,121,122,123],"class_list":{"0":"post-2916","1":"product","2":"type-product","3":"status-publish","4":"has-post-thumbnail","6":"product_cat-medikal-maske","7":"product_tag-medikal-maske","8":"product_tag-kisisel-koruyucu-donanim-kkd","9":"product_tag-ergonomik","10":"product_tag-bfe","11":"product_tag-met-medikal","12":"product_tag-steril-maske","14":"first","15":"instock","16":"taxable","17":"shipping-taxable","18":"product-type-grouped"},"featured_image_urls":{"full":["https:\/\/www.metkontekstil.com\/wp-content\/uploads\/2020\/10\/Z3A1694-1.jpg",1000,667,false],"thumbnail":["https:\/\/www.metkontekstil.com\/wp-content\/uploads\/2020\/10\/Z3A1694-1-150x150.jpg",150,150,true],"medium":["https:\/\/www.metkontekstil.com\/wp-content\/uploads\/2020\/10\/Z3A1694-1-300x200.jpg",300,200,true],"medium_large":["https:\/\/www.metkontekstil.com\/wp-content\/uploads\/2020\/10\/Z3A1694-1-768x512.jpg",768,512,true],"large":["https:\/\/www.metkontekstil.com\/wp-content\/uploads\/2020\/10\/Z3A1694-1.jpg",940,627,false],"1536x1536":["https:\/\/www.metkontekstil.com\/wp-content\/uploads\/2020\/10\/Z3A1694-1.jpg",1000,667,false],"2048x2048":["https:\/\/www.metkontekstil.com\/wp-content\/uploads\/2020\/10\/Z3A1694-1.jpg",1000,667,false],"manufacturer_vertical_thumb":["https:\/\/www.metkontekstil.com\/wp-content\/uploads\/2020\/10\/Z3A1694-1-285x190.jpg",285,190,true],"manufacturer_full":["https:\/\/www.metkontekstil.com\/wp-content\/uploads\/2020\/10\/Z3A1694-1.jpg",1000,667,false],"manufacturer_medium":["https:\/\/www.metkontekstil.com\/wp-content\/uploads\/2020\/10\/Z3A1694-1-600x550.jpg",600,550,true],"manufacturer_single":["https:\/\/www.metkontekstil.com\/wp-content\/uploads\/2020\/10\/Z3A1694-1-800x600.jpg",800,600,true],"manufacturer_wc_thumbnail":["https:\/\/www.metkontekstil.com\/wp-content\/uploads\/2020\/10\/Z3A1694-1.jpg",270,180,false],"manufacturer_wc_medium":["https:\/\/www.metkontekstil.com\/wp-content\/uploads\/2020\/10\/Z3A1694-1.jpg",540,360,false],"woocommerce_thumbnail":["https:\/\/www.metkontekstil.com\/wp-content\/uploads\/2020\/10\/Z3A1694-1-360x280.jpg",360,280,true],"woocommerce_single":["https:\/\/www.metkontekstil.com\/wp-content\/uploads\/2020\/10\/Z3A1694-1-660x440.jpg",660,440,true],"woocommerce_gallery_thumbnail":["https:\/\/www.metkontekstil.com\/wp-content\/uploads\/2020\/10\/Z3A1694-1-150x100.jpg",150,100,true],"shop_catalog":["https:\/\/www.metkontekstil.com\/wp-content\/uploads\/2020\/10\/Z3A1694-1-360x280.jpg",360,280,true],"shop_single":["https:\/\/www.metkontekstil.com\/wp-content\/uploads\/2020\/10\/Z3A1694-1-660x440.jpg",660,440,true],"shop_thumbnail":["https:\/\/www.metkontekstil.com\/wp-content\/uploads\/2020\/10\/Z3A1694-1-150x100.jpg",150,100,true]},"post_excerpt_stackable":"<p>3 Katmanl\u0131 maskemiz, \u00f6zel bile\u015fimi ve kaliteli kuma\u015f kullan\u0131m\u0131 sayesinde filtreleme \u00f6zelli\u011finden \u00f6d\u00fcn vermeden siz nefes al\u0131rken zorluk \u00e7\u0131karmaz ve y\u00fcksek kalite \u201cMeltblown\u201d kuma\u015f sayesinde %99,5&#8217;e varan oranda bakteri ve vir\u00fcs korumas\u0131 sa\u011flamaktad\u0131r. Valfsiz (ventilsiz) olan solunum maskemiz, hem hava giri\u015fini hem de hava \u00e7\u0131k\u0131\u015f\u0131n\u0131 filtreleyerek iki y\u00f6nl\u00fc koruma sa\u011flar. B\u00f6ylelikle hem sizi hem kar\u015f\u0131n\u0131zdakini korur.<\/p>\n","category_list":"","author_info":{"name":"","url":""},"comments_num":"0 comments","_links":{"self":[{"href":"https:\/\/www.metkontekstil.com\/index.php?rest_route=\/wp\/v2\/product\/2916","targetHints":{"allow":["GET"]}}],"collection":[{"href":"https:\/\/www.metkontekstil.com\/index.php?rest_route=\/wp\/v2\/product"}],"about":[{"href":"https:\/\/www.metkontekstil.com\/index.php?rest_route=\/wp\/v2\/types\/product"}],"replies":[{"embeddable":true,"href":"https:\/\/www.metkontekstil.com\/index.php?rest_route=%2Fwp%2Fv2%2Fcomments&post=2916"}],"wp:featuredmedia":[{"embeddable":true,"href":"https:\/\/www.metkontekstil.com\/index.php?rest_route=\/wp\/v2\/media\/3408"}],"wp:attachment":[{"href":"https:\/\/www.metkontekstil.com\/index.php?rest_route=%2Fwp%2Fv2%2Fmedia&parent=2916"}],"wp:term":[{"taxonomy":"product_cat","embeddable":true,"href":"https:\/\/www.metkontekstil.com\/index.php?rest_route=%2Fwp%2Fv2%2Fproduct_cat&post=2916"},{"taxonomy":"product_tag","embeddable":true,"href":"https:\/\/www.metkontekstil.com\/index.php?rest_route=%2Fwp%2Fv2%2Fproduct_tag&post=2916"}],"curies":[{"name":"wp","href":"https:\/\/api.w.org\/{rel}","templated":true}]}}