{"id":3526,"date":"2020-11-27T16:17:19","date_gmt":"2020-11-27T13:17:19","guid":{"rendered":"https:\/\/www.metkontekstil.com\/?post_type=product&#038;p=3526"},"modified":"2021-04-26T14:11:14","modified_gmt":"2021-04-26T11:11:14","slug":"scrubs-with-long-sleeves-2-piece-set-blue-woman","status":"publish","type":"product","link":"https:\/\/www.metkontekstil.com\/?product=scrubs-with-long-sleeves-2-piece-set-blue-woman","title":{"rendered":"Scrubs With Long Sleeves 2 Piece Set Blue (Woman)"},"content":{"rendered":"<h3><strong>Koruyucu \u00d6zellikler<\/strong><\/h3>\n<p>\u00dcretti\u011fimiz \u00f6nl\u00fck ve tulumlar; az tehlikeli maddelerden korunmak ve kirlenmeyi \u00f6nlemek i\u00e7in kullan\u0131lmaktad\u0131r. Ki\u015finin \u00fczerine s\u0131\u00e7rayabilecek az tehlikeli kimyasal s\u0131v\u0131 at\u0131klardan ve havada bulunan basit toksinlerden veya vir\u00fcs partik\u00fcllerinden korunmak ama\u00e7l\u0131 \u00fcretilmi\u015ftir. \u00dcr\u00fcnlerimiz kategori III olup, toz partik\u00fclleri ve belirli s\u0131v\u0131 kimyasal s\u0131\u00e7ramalara kar\u015f\u0131 a\u015fa\u011f\u0131da detaylar\u0131 verilen koruyucu giysi standartlar\u0131na uygundur.<\/p>\n<p>\u00dcretti\u011fimiz \u00f6nl\u00fck ve tulumlar; az tehlikeli maddelerden korunmak ve kirlenmeyi \u00f6nlemek i\u00e7in kullan\u0131lmaktad\u0131r. Ki\u015finin \u00fczerine s\u0131\u00e7rayabilecek az tehlikeli kimyasal s\u0131v\u0131 at\u0131klardan ve havada bulunan basit toksinlerden veya vir\u00fcs partik\u00fcllerinden korunmak ama\u00e7l\u0131 \u00fcretilmi\u015ftir. \u00dcr\u00fcnlerimiz kategori III olup, toz partik\u00fclleri ve belirli s\u0131v\u0131 kimyasal s\u0131\u00e7ramalara kar\u015f\u0131 a\u015fa\u011f\u0131da detaylar\u0131 verilen koruyucu giysi standartlar\u0131na uygundur.<\/p>\n<p>&nbsp;<\/p>\n<p>TYPE 5: EN 13982-1:2004+A1:2010<\/p>\n<p>TYPE 6: EN 13034:2005+A1:2009<\/p>\n<p>EN1149-1:2006<\/p>\n<p>EN 1149-5:2008<\/p>\n<p>EN 530 A\u015f\u0131nma Mukavemeti<\/p>\n<p>EN ISO 7854 Esnek \u00c7atlama<\/p>\n<p>EN ISO 9073-4 Y\u0131rt\u0131lma Mukavemeti<\/p>\n<p>EN ISO 13934-1 \u00c7ekme ve Gerilme Mukavemeti<\/p>\n<p>EN 863 Delinme Mukavemeti<\/p>\n<p>EN 1149-5:2008 \u0130\u00e7 ve D\u0131\u015f Y\u00fczey Direnci<\/p>\n<p>&nbsp;<\/p>\n<p><strong>Koruma :<\/strong> Partik\u00fcllere, sprey ve s\u0131\u00e7ramalara kar\u015f\u0131 bariyer g\u00f6revi g\u00f6r\u00fcr.<\/p>\n<p><strong>Dayan\u0131kl\u0131l\u0131k :<\/strong> Y\u0131rt\u0131nmaya ve a\u015f\u0131nmaya kar\u015f\u0131 \u00e7ok dayan\u0131kl\u0131. Zor ko\u015fullarda yap\u0131s\u0131n\u0131 muhafaza eder, b\u00f6ylece kullan\u0131m s\u00fcresince koruma performans\u0131 d\u00fc\u015fmez.<\/p>\n<p><strong>Rahatl\u0131k :<\/strong> Kullan\u0131lan kuma\u015f hava ve su buhar\u0131 ge\u00e7irgen oldu\u011fu i\u00e7in kuma\u015f\u0131n nefes almas\u0131n\u0131 sa\u011flar. \u00c7ok hafif, yumu\u015fak ve esnektir.<\/p>\n<p><strong>Lif B\u0131rakmaz :<\/strong> Sonsuz elyaftan (PP) olu\u015ftu\u011fu i\u00e7in tiftiklenmez.<\/p>\n<p><strong>Kirlenmez :<\/strong> Y\u00fcksek yo\u011funlukta saf polietilenden \u00fcretilmi\u015ftir. Dolgu, yap\u0131\u015ft\u0131r\u0131c\u0131, ba\u011flay\u0131c\u0131 ya da silikon i\u00e7ermemesi sebebi ile kontaminasyona (haricen kirlenmeye) izin vermez.<\/p>\n<p><strong>Antistatiktir :<\/strong> (1431N) kuma\u015flar\u0131n\u0131n iki y\u00fcz\u00fc de anti statiktir. Topraklama do\u011fru bir \u015fekilde yap\u0131ld\u0131\u011f\u0131 takdirde elektriklenme problemi ortadan kalkar.<\/p>\n<p><strong>Partik\u00fcl Bariyeri :<\/strong> T\u00fcm\u00fcyle saf, sonsuz elyaftan olu\u015fmas\u0131 sebebi ile , partik\u00fcl ve liflerin ge\u00e7i\u015fine kar\u015f\u0131 \u00f6nemli bir bariyerdir.<\/p>\n<p><strong>Kimyasal s\u0131\u00e7ramalara kar\u015f\u0131 diren\u00e7li :<\/strong> Su bazl\u0131 kimyasal ve v\u00fccut s\u0131v\u0131s\u0131 s\u0131\u00e7ramalar\u0131na 0,12 BAR bas\u0131nca kadar diren\u00e7 g\u00f6sterir.<\/p>\n<p><strong>Su \u0130tici :<\/strong> \u00dcretimden kaynaklanan \u00fcst\u00fcn p\u00fcr\u00fczs\u00fcz y\u00fczeyi sayesinde inorganik s\u0131v\u0131lar\u0131 iter ve kat\u0131 partik\u00fcllerin kuma\u015fa yap\u0131\u015fmas\u0131n\u0131\/tak\u0131lmas\u0131n\u0131 zorla\u015ft\u0131r\u0131r.<\/p>\n<p>&nbsp;<\/p>\n<h3><strong>Kullan\u0131m Alanlar\u0131<\/strong><\/h3>\n<ul>\n<li>Asbestli yer haz\u0131rlama, yal\u0131t\u0131m proseslerinde, asbest \u00e7\u0131karma i\u015flemlerinde<\/li>\n<li>Hastane Acil servis ve m\u00fcdahale odalar\u0131nda<\/li>\n<li>Hasta bak\u0131m odalar\u0131nda<\/li>\n<li>Ya\u015fl\u0131 bak\u0131m evlerinde<\/li>\n<li>Vir\u00fcs bula\u015fma riski bulunan COVID tan\u0131 ve tedavi servislerinde<\/li>\n<li>\u00c7imento \u00fcretimi, metal ta\u015flama ve cilalama sekt\u00f6rleri<\/li>\n<li>Mermer ve granit \u00fcretim alanlar\u0131<\/li>\n<li>Hafif end\u00fcstriyel temizlik, makine bak\u0131m\u0131<\/li>\n<li>Farmas\u00f6tik prosesler, zehirli tozlarla \u00e7al\u0131\u015fma<\/li>\n<li>Boyama ve kaplama, re\u00e7ineli \u00fcretim alanlar\u0131nda<\/li>\n<li>Ara\u00e7 kaporta boya tamir ve z\u0131mpara i\u015flemlerinde<\/li>\n<li>Temiz odalarda<\/li>\n<li>B\u00f6cek ilac\u0131 uygulamalar\u0131nda<\/li>\n<li>Kimyasal madde kar\u0131\u015ft\u0131rma ve kimyasal maddelerle \u00e7al\u0131\u015fma gerektiren \u00fcretim alanlar\u0131<\/li>\n<\/ul>\n","protected":false},"excerpt":{"rendered":"<p>Medikal alanlarda veya ki\u015fisel koruyucu donan\u0131m olarak kullan\u0131lmak \u00fczere \u00fcretilmi\u015f \u00f6nl\u00fcklerimiz kullan\u0131m esnas\u0131nda rahats\u0131zl\u0131k olu\u015fturmayan yumu\u015fak, kolayl\u0131kla deforme olmayan sa\u011flam, nefes alabilen ve suya dayan\u0131kl\u0131 dokunmam\u0131\u015f (non-woven) elyaf kuma\u015f t\u00fcrleri olan SS veya SMS kuma\u015ftan \u00fcretilmi\u015ftir. \u00dcr\u00fcnlerimizde kullan\u0131lan kuma\u015flar %100 (PP) Polipropilendir, silikon i\u00e7ermez ve alerji yapmaz. Yar\u0131m veya tam bariyerli \u00f6nl\u00fck t\u00fcrlerinde az tehlikeli kimyasal s\u0131v\u0131lara ve tozlara kar\u015f\u0131 korunmay\u0131 art\u0131rmak i\u00e7in laminasyon uygulamas\u0131 yap\u0131lm\u0131\u015ft\u0131r. Fermuarl\u0131 modellerde ise maruz kal\u0131nan tehlikeyi en aza indirgemek i\u00e7in; etraf\u0131 lamine kuma\u015fl\u0131 iki katl\u0131, kapi\u015fonlu ve \u00fcst\u00fc \u00f6rt\u00fclebilen fermuar kullan\u0131lm\u0131\u015ft\u0131r.<\/p>\n<p>Hem kolay giyinmeyi sa\u011flamak hem de giri\u015f \u00e7\u0131k\u0131\u015f\u0131 s\u0131n\u0131rlamak ve s\u0131v\u0131ya kar\u015f\u0131 korunma i\u00e7in esnekle\u015ftirilmi\u015f bilek ve ayak diki\u015fleri bulunmaktad\u0131r. Ayr\u0131ca bilekte dokuma kuma\u015ftan bileklik (ribana) kullan\u0131lm\u0131\u015ft\u0131r. Korunmay\u0131 art\u0131rmak, t\u00fcylenmeyi ve tel d\u00f6k\u00fclmesini en aza indirgemek i\u00e7in kuma\u015f birle\u015fim yerleri biye diki\u015flidir.<\/p>\n","protected":false},"featured_media":3782,"comment_status":"closed","ping_status":"closed","template":"redux-templates_contained","meta":[],"product_cat":[131],"product_tag":[133,134,135],"class_list":{"0":"post-3526","1":"product","2":"type-product","3":"status-publish","4":"has-post-thumbnail","6":"product_cat-medical-scrubs","7":"product_tag-medical-scrubs","8":"product_tag-nurse-dress","9":"product_tag-doctor-outfit","11":"first","12":"instock","13":"taxable","14":"shipping-taxable","15":"product-type-grouped"},"featured_image_urls":{"full":["https:\/\/www.metkontekstil.com\/wp-content\/uploads\/2020\/11\/Hemsire-Dr-Onlugu-Uzun-Kol-Set-Mavi-Kadin.jpg",2000,1500,false],"thumbnail":["https:\/\/www.metkontekstil.com\/wp-content\/uploads\/2020\/11\/Hemsire-Dr-Onlugu-Uzun-Kol-Set-Mavi-Kadin-150x150.jpg",150,150,true],"medium":["https:\/\/www.metkontekstil.com\/wp-content\/uploads\/2020\/11\/Hemsire-Dr-Onlugu-Uzun-Kol-Set-Mavi-Kadin-300x225.jpg",300,225,true],"medium_large":["https:\/\/www.metkontekstil.com\/wp-content\/uploads\/2020\/11\/Hemsire-Dr-Onlugu-Uzun-Kol-Set-Mavi-Kadin-768x576.jpg",768,576,true],"large":["https:\/\/www.metkontekstil.com\/wp-content\/uploads\/2020\/11\/Hemsire-Dr-Onlugu-Uzun-Kol-Set-Mavi-Kadin-1024x768.jpg",940,705,true],"1536x1536":["https:\/\/www.metkontekstil.com\/wp-content\/uploads\/2020\/11\/Hemsire-Dr-Onlugu-Uzun-Kol-Set-Mavi-Kadin-1536x1152.jpg",1536,1152,true],"2048x2048":["https:\/\/www.metkontekstil.com\/wp-content\/uploads\/2020\/11\/Hemsire-Dr-Onlugu-Uzun-Kol-Set-Mavi-Kadin.jpg",2000,1500,false],"manufacturer_vertical_thumb":["https:\/\/www.metkontekstil.com\/wp-content\/uploads\/2020\/11\/Hemsire-Dr-Onlugu-Uzun-Kol-Set-Mavi-Kadin-285x214.jpg",285,214,true],"manufacturer_full":["https:\/\/www.metkontekstil.com\/wp-content\/uploads\/2020\/11\/Hemsire-Dr-Onlugu-Uzun-Kol-Set-Mavi-Kadin-1600x1200.jpg",1600,1200,true],"manufacturer_medium":["https:\/\/www.metkontekstil.com\/wp-content\/uploads\/2020\/11\/Hemsire-Dr-Onlugu-Uzun-Kol-Set-Mavi-Kadin-600x550.jpg",600,550,true],"manufacturer_single":["https:\/\/www.metkontekstil.com\/wp-content\/uploads\/2020\/11\/Hemsire-Dr-Onlugu-Uzun-Kol-Set-Mavi-Kadin-800x600.jpg",800,600,true],"manufacturer_wc_thumbnail":["https:\/\/www.metkontekstil.com\/wp-content\/uploads\/2020\/11\/Hemsire-Dr-Onlugu-Uzun-Kol-Set-Mavi-Kadin.jpg",270,203,false],"manufacturer_wc_medium":["https:\/\/www.metkontekstil.com\/wp-content\/uploads\/2020\/11\/Hemsire-Dr-Onlugu-Uzun-Kol-Set-Mavi-Kadin.jpg",540,405,false],"woocommerce_thumbnail":["https:\/\/www.metkontekstil.com\/wp-content\/uploads\/2020\/11\/Hemsire-Dr-Onlugu-Uzun-Kol-Set-Mavi-Kadin-360x280.jpg",360,280,true],"woocommerce_single":["https:\/\/www.metkontekstil.com\/wp-content\/uploads\/2020\/11\/Hemsire-Dr-Onlugu-Uzun-Kol-Set-Mavi-Kadin-660x495.jpg",660,495,true],"woocommerce_gallery_thumbnail":["https:\/\/www.metkontekstil.com\/wp-content\/uploads\/2020\/11\/Hemsire-Dr-Onlugu-Uzun-Kol-Set-Mavi-Kadin-150x113.jpg",150,113,true],"shop_catalog":["https:\/\/www.metkontekstil.com\/wp-content\/uploads\/2020\/11\/Hemsire-Dr-Onlugu-Uzun-Kol-Set-Mavi-Kadin-360x280.jpg",360,280,true],"shop_single":["https:\/\/www.metkontekstil.com\/wp-content\/uploads\/2020\/11\/Hemsire-Dr-Onlugu-Uzun-Kol-Set-Mavi-Kadin-660x495.jpg",660,495,true],"shop_thumbnail":["https:\/\/www.metkontekstil.com\/wp-content\/uploads\/2020\/11\/Hemsire-Dr-Onlugu-Uzun-Kol-Set-Mavi-Kadin-150x113.jpg",150,113,true]},"post_excerpt_stackable":"<p>Medikal alanlarda veya ki\u015fisel koruyucu donan\u0131m olarak kullan\u0131lmak \u00fczere \u00fcretilmi\u015f \u00f6nl\u00fcklerimiz kullan\u0131m esnas\u0131nda rahats\u0131zl\u0131k olu\u015fturmayan yumu\u015fak, kolayl\u0131kla deforme olmayan sa\u011flam, nefes alabilen ve suya dayan\u0131kl\u0131 dokunmam\u0131\u015f (non-woven) elyaf kuma\u015f t\u00fcrleri olan SS veya SMS kuma\u015ftan \u00fcretilmi\u015ftir. \u00dcr\u00fcnlerimizde kullan\u0131lan kuma\u015flar %100 (PP) Polipropilendir, silikon i\u00e7ermez ve alerji yapmaz. Yar\u0131m veya tam bariyerli \u00f6nl\u00fck t\u00fcrlerinde az tehlikeli kimyasal s\u0131v\u0131lara ve tozlara kar\u015f\u0131 korunmay\u0131 art\u0131rmak i\u00e7in laminasyon uygulamas\u0131 yap\u0131lm\u0131\u015ft\u0131r. Fermuarl\u0131 modellerde ise maruz kal\u0131nan tehlikeyi en aza indirgemek i\u00e7in; etraf\u0131 lamine kuma\u015fl\u0131 iki katl\u0131, kapi\u015fonlu ve \u00fcst\u00fc \u00f6rt\u00fclebilen fermuar kullan\u0131lm\u0131\u015ft\u0131r.<\/p>\n<p>Hem kolay giyinmeyi sa\u011flamak hem de giri\u015f \u00e7\u0131k\u0131\u015f\u0131 s\u0131n\u0131rlamak ve s\u0131v\u0131ya kar\u015f\u0131 korunma i\u00e7in esnekle\u015ftirilmi\u015f bilek ve ayak diki\u015fleri bulunmaktad\u0131r. Ayr\u0131ca bilekte dokuma kuma\u015ftan bileklik (ribana) kullan\u0131lm\u0131\u015ft\u0131r. Korunmay\u0131 art\u0131rmak, t\u00fcylenmeyi ve tel d\u00f6k\u00fclmesini en aza indirgemek i\u00e7in kuma\u015f birle\u015fim yerleri biye diki\u015flidir.<\/p>\n","category_list":"","author_info":{"name":"","url":""},"comments_num":"0 comments","_links":{"self":[{"href":"https:\/\/www.metkontekstil.com\/index.php?rest_route=\/wp\/v2\/product\/3526","targetHints":{"allow":["GET"]}}],"collection":[{"href":"https:\/\/www.metkontekstil.com\/index.php?rest_route=\/wp\/v2\/product"}],"about":[{"href":"https:\/\/www.metkontekstil.com\/index.php?rest_route=\/wp\/v2\/types\/product"}],"replies":[{"embeddable":true,"href":"https:\/\/www.metkontekstil.com\/index.php?rest_route=%2Fwp%2Fv2%2Fcomments&post=3526"}],"wp:featuredmedia":[{"embeddable":true,"href":"https:\/\/www.metkontekstil.com\/index.php?rest_route=\/wp\/v2\/media\/3782"}],"wp:attachment":[{"href":"https:\/\/www.metkontekstil.com\/index.php?rest_route=%2Fwp%2Fv2%2Fmedia&parent=3526"}],"wp:term":[{"taxonomy":"product_cat","embeddable":true,"href":"https:\/\/www.metkontekstil.com\/index.php?rest_route=%2Fwp%2Fv2%2Fproduct_cat&post=3526"},{"taxonomy":"product_tag","embeddable":true,"href":"https:\/\/www.metkontekstil.com\/index.php?rest_route=%2Fwp%2Fv2%2Fproduct_tag&post=3526"}],"curies":[{"name":"wp","href":"https:\/\/api.w.org\/{rel}","templated":true}]}}